{"id":344,"date":"2025-06-12T15:02:10","date_gmt":"2025-06-12T15:02:10","guid":{"rendered":"https:\/\/level909.com\/?page_id=344"},"modified":"2025-06-24T17:50:59","modified_gmt":"2025-06-24T17:50:59","slug":"r-d-consulting","status":"publish","type":"page","link":"https:\/\/level909.com\/en\/r-d-consulting\/","title":{"rendered":"R&#038;D Consulting"},"content":{"rendered":"<div data-elementor-type=\"wp-page\" data-elementor-id=\"344\" class=\"elementor elementor-344\" data-elementor-post-type=\"page\">\n\t\t\t\t<div class=\"elementor-element elementor-element-18643bbf e-flex e-con-boxed e-con e-parent\" data-id=\"18643bbf\" data-element_type=\"container\" data-settings=\"{&quot;background_background&quot;:&quot;gradient&quot;,&quot;shape_divider_bottom&quot;:&quot;waves&quot;}\">\n\t\t\t\t\t<div class=\"e-con-inner\">\n\t\t\t\t<div class=\"elementor-shape elementor-shape-bottom\" aria-hidden=\"true\" data-negative=\"false\">\n\t\t\t<svg xmlns=\"http:\/\/www.w3.org\/2000\/svg\" viewbox=\"0 0 1000 100\" preserveaspectratio=\"none\">\n\t<path class=\"elementor-shape-fill\" d=\"M421.9,6.5c22.6-2.5,51.5,0.4,75.5,5.3c23.6,4.9,70.9,23.5,100.5,35.7c75.8,32.2,133.7,44.5,192.6,49.7\tc23.6,2.1,48.7,3.5,103.4-2.5c54.7-6,106.2-25.6,106.2-25.6V0H0v30.3c0,0,72,32.6,158.4,30.5c39.2-0.7,92.8-6.7,134-22.4\tc21.2-8.1,52.2-18.2,79.7-24.2C399.3,7.9,411.6,7.5,421.9,6.5z\"\/>\n<\/svg>\t\t<\/div>\n\t\t\t\t<div class=\"elementor-element elementor-element-24220f8f elementor-widget elementor-widget-heading\" data-id=\"24220f8f\" data-element_type=\"widget\" data-widget_type=\"heading.default\">\n\t\t\t\t<div class=\"elementor-widget-container\">\n\t\t\t\t\t<h1 class=\"elementor-heading-title elementor-size-default\">R&amp;D Consulting<span style=\"background-color: transparent\"><\/span><\/h1>\t\t\t\t<\/div>\n\t\t\t\t<\/div>\n\t\t\t\t<div class=\"elementor-element elementor-element-b539831 elementor-widget elementor-widget-heading\" data-id=\"b539831\" data-element_type=\"widget\" data-widget_type=\"heading.default\">\n\t\t\t\t<div class=\"elementor-widget-container\">\n\t\t\t\t\t<h3 class=\"elementor-heading-title elementor-size-default\">enjoytech &#058;&#041;<\/h3>\t\t\t\t<\/div>\n\t\t\t\t<\/div>\n\t\t\t\t\t<\/div>\n\t\t\t\t<\/div>\n\t\t<div class=\"elementor-element elementor-element-57d80a32 e-flex e-con-boxed e-con e-parent\" data-id=\"57d80a32\" data-element_type=\"container\" data-settings=\"{&quot;background_background&quot;:&quot;classic&quot;}\">\n\t\t\t\t\t<div class=\"e-con-inner\">\n\t\t<div class=\"elementor-element elementor-element-6e122ded e-flex e-con-boxed e-con e-child\" data-id=\"6e122ded\" data-element_type=\"container\">\n\t\t\t\t\t<div class=\"e-con-inner\">\n\t\t\t\t<div class=\"elementor-element elementor-element-5b78158 elementor-widget elementor-widget-heading\" data-id=\"5b78158\" data-element_type=\"widget\" data-widget_type=\"heading.default\">\n\t\t\t\t<div class=\"elementor-widget-container\">\n\t\t\t\t\t<h2 class=\"elementor-heading-title elementor-size-default\">Innovation<\/h2>\t\t\t\t<\/div>\n\t\t\t\t<\/div>\n\t\t\t\t<div class=\"elementor-element elementor-element-43cd2ce elementor-widget elementor-widget-text-editor\" data-id=\"43cd2ce\" data-element_type=\"widget\" data-widget_type=\"text-editor.default\">\n\t\t\t\t<div class=\"elementor-widget-container\">\n\t\t\t\t\t\t\t\t\t<p>We help you establish your innovation strategy.<\/p>\t\t\t\t\t\t\t\t<\/div>\n\t\t\t\t<\/div>\n\t\t\t\t\t<\/div>\n\t\t\t\t<\/div>\n\t\t<div class=\"elementor-element elementor-element-42d9017b e-con-full e-flex e-con e-child\" data-id=\"42d9017b\" data-element_type=\"container\">\n\t\t\t\t<div class=\"elementor-element elementor-element-42819912 elementor-widget__width-initial elementor-widget-tablet__width-inherit elementor-widget elementor-widget-image\" data-id=\"42819912\" data-element_type=\"widget\" data-settings=\"{&quot;motion_fx_motion_fx_scrolling&quot;:&quot;yes&quot;,&quot;motion_fx_translateY_effect&quot;:&quot;yes&quot;,&quot;motion_fx_translateY_speed&quot;:{&quot;unit&quot;:&quot;px&quot;,&quot;size&quot;:&quot;1&quot;,&quot;sizes&quot;:[]},&quot;motion_fx_translateY_affectedRange&quot;:{&quot;unit&quot;:&quot;%&quot;,&quot;size&quot;:&quot;&quot;,&quot;sizes&quot;:{&quot;start&quot;:0,&quot;end&quot;:100}},&quot;motion_fx_devices&quot;:[&quot;desktop&quot;,&quot;tablet&quot;,&quot;mobile&quot;]}\" data-widget_type=\"image.default\">\n\t\t\t\t<div class=\"elementor-widget-container\">\n\t\t\t\t\t\t\t\t\t\t\t\t\t\t\t<img fetchpriority=\"high\" decoding=\"async\" width=\"800\" height=\"800\" src=\"https:\/\/level909.com\/wp-content\/uploads\/2025\/06\/innovacion.webp\" class=\"attachment-full size-full wp-image-346\" alt=\"\" srcset=\"https:\/\/level909.com\/wp-content\/uploads\/2025\/06\/innovacion.webp 800w, https:\/\/level909.com\/wp-content\/uploads\/2025\/06\/innovacion-300x300.webp 300w, https:\/\/level909.com\/wp-content\/uploads\/2025\/06\/innovacion-150x150.webp 150w, https:\/\/level909.com\/wp-content\/uploads\/2025\/06\/innovacion-768x768.webp 768w\" sizes=\"(max-width: 800px) 100vw, 800px\" \/>\t\t\t\t\t\t\t\t\t\t\t\t\t\t\t<\/div>\n\t\t\t\t<\/div>\n\t\t<div class=\"elementor-element elementor-element-49a6a208 e-con-full e-flex e-con e-child\" data-id=\"49a6a208\" data-element_type=\"container\">\n\t\t\t\t<div class=\"elementor-element elementor-element-d9a62c1 elementor-widget elementor-widget-heading\" data-id=\"d9a62c1\" data-element_type=\"widget\" data-widget_type=\"heading.default\">\n\t\t\t\t<div class=\"elementor-widget-container\">\n\t\t\t\t\t<h3 class=\"elementor-heading-title elementor-size-default\">| Innovation strategy\n<\/h3>\t\t\t\t<\/div>\n\t\t\t\t<\/div>\n\t\t\t\t<div class=\"elementor-element elementor-element-5d4c6513 elementor-widget elementor-widget-text-editor\" data-id=\"5d4c6513\" data-element_type=\"widget\" data-widget_type=\"text-editor.default\">\n\t\t\t\t<div class=\"elementor-widget-container\">\n\t\t\t\t\t\t\t\t\t<p class=\"translation-block\"><strong>Technical Office for Innovation Management<\/strong>: We advise companies on establishing their innovation strategy and managing the entire innovation process using a variety of methodologies.<\/p><p class=\"translation-block\"><strong>Innovation diagnosis<\/strong>: We assess the degree of maturity of corporate innovation, diagnosing the company's innovative potential.<\/p>\t\t\t\t\t\t\t\t<\/div>\n\t\t\t\t<\/div>\n\t\t\t\t<\/div>\n\t\t<div class=\"elementor-element elementor-element-39da3844 e-con-full e-flex e-con e-child\" data-id=\"39da3844\" data-element_type=\"container\">\n\t\t\t\t<div class=\"elementor-element elementor-element-dcb137d elementor-widget elementor-widget-heading\" data-id=\"dcb137d\" data-element_type=\"widget\" data-widget_type=\"heading.default\">\n\t\t\t\t<div class=\"elementor-widget-container\">\n\t\t\t\t\t<h3 class=\"elementor-heading-title elementor-size-default\">| Public funding for projects\n<\/h3>\t\t\t\t<\/div>\n\t\t\t\t<\/div>\n\t\t\t\t<div class=\"elementor-element elementor-element-5e37c65 elementor-widget elementor-widget-text-editor\" data-id=\"5e37c65\" data-element_type=\"widget\" data-widget_type=\"text-editor.default\">\n\t\t\t\t<div class=\"elementor-widget-container\">\n\t\t\t\t\t\t\t\t\t<p class=\"translation-block\"><strong>Management of regional, national and European grants<\/strong>: We conceptualise ideas, promote consortia and comprehensively manage grants for R&amp;D&amp;I.<\/p><p class=\"translation-block\"><strong>Innovation support plan<\/strong>: Strategic positioning, preparation, management and justification of projects<\/p>\t\t\t\t\t\t\t\t<\/div>\n\t\t\t\t<\/div>\n\t\t\t\t<\/div>\n\t\t<div class=\"elementor-element elementor-element-f485a4c e-con-full e-flex e-con e-child\" data-id=\"f485a4c\" data-element_type=\"container\">\n\t\t\t\t<div class=\"elementor-element elementor-element-208c066 elementor-widget elementor-widget-heading\" data-id=\"208c066\" data-element_type=\"widget\" data-widget_type=\"heading.default\">\n\t\t\t\t<div class=\"elementor-widget-container\">\n\t\t\t\t\t<h3 class=\"elementor-heading-title elementor-size-default\">| Public Procurement of Innovation\n<\/h3>\t\t\t\t<\/div>\n\t\t\t\t<\/div>\n\t\t\t\t<div class=\"elementor-element elementor-element-878b0ac elementor-widget elementor-widget-text-editor\" data-id=\"878b0ac\" data-element_type=\"widget\" data-widget_type=\"text-editor.default\">\n\t\t\t\t<div class=\"elementor-widget-container\">\n\t\t\t\t\t\t\t\t\t<p class=\"translation-block\"><strong>CPI process management<\/strong>:<br>We promote and drive forward the development of CPI proposals.<\/p><p class=\"translation-block\"><strong>Tailor-made solutions<\/strong> to ensure effective participation in CPI processes.<\/p>\t\t\t\t\t\t\t\t<\/div>\n\t\t\t\t<\/div>\n\t\t\t\t<\/div>\n\t\t\t\t<\/div>\n\t\t\t\t\t<\/div>\n\t\t\t\t<\/div>\n\t\t<div class=\"elementor-element elementor-element-7a7400f6 e-flex e-con-boxed e-con e-parent\" data-id=\"7a7400f6\" data-element_type=\"container\" data-settings=\"{&quot;background_background&quot;:&quot;gradient&quot;,&quot;shape_divider_top&quot;:&quot;waves&quot;}\">\n\t\t\t\t\t<div class=\"e-con-inner\">\n\t\t\t\t<div class=\"elementor-shape elementor-shape-top\" aria-hidden=\"true\" data-negative=\"false\">\n\t\t\t<svg xmlns=\"http:\/\/www.w3.org\/2000\/svg\" viewbox=\"0 0 1000 100\" preserveaspectratio=\"none\">\n\t<path class=\"elementor-shape-fill\" d=\"M421.9,6.5c22.6-2.5,51.5,0.4,75.5,5.3c23.6,4.9,70.9,23.5,100.5,35.7c75.8,32.2,133.7,44.5,192.6,49.7\tc23.6,2.1,48.7,3.5,103.4-2.5c54.7-6,106.2-25.6,106.2-25.6V0H0v30.3c0,0,72,32.6,158.4,30.5c39.2-0.7,92.8-6.7,134-22.4\tc21.2-8.1,52.2-18.2,79.7-24.2C399.3,7.9,411.6,7.5,421.9,6.5z\"\/>\n<\/svg>\t\t<\/div>\n\t\t<div class=\"elementor-element elementor-element-7e93f2e1 e-con-full e-flex e-con e-child\" data-id=\"7e93f2e1\" data-element_type=\"container\">\n\t\t\t\t<div class=\"elementor-element elementor-element-400e3bc0 elementor-widget elementor-widget-heading\" data-id=\"400e3bc0\" data-element_type=\"widget\" data-widget_type=\"heading.default\">\n\t\t\t\t<div class=\"elementor-widget-container\">\n\t\t\t\t\t<h4 class=\"elementor-heading-title elementor-size-default\">Do you want to take your business to the next level?<\/h4>\t\t\t\t<\/div>\n\t\t\t\t<\/div>\n\t\t\t\t<div class=\"elementor-element elementor-element-112e459d elementor-widget elementor-widget-heading\" data-id=\"112e459d\" data-element_type=\"widget\" data-widget_type=\"heading.default\">\n\t\t\t\t<div class=\"elementor-widget-container\">\n\t\t\t\t\t<h2 class=\"elementor-heading-title elementor-size-default\">Tell us about your project!<\/h2>\t\t\t\t<\/div>\n\t\t\t\t<\/div>\n\t\t\t\t<div class=\"elementor-element elementor-element-2affa2cd elementor-mobile-align-center elementor-widget elementor-widget-button\" data-id=\"2affa2cd\" data-element_type=\"widget\" data-widget_type=\"button.default\">\n\t\t\t\t<div class=\"elementor-widget-container\">\n\t\t\t\t\t\t\t\t\t<div class=\"elementor-button-wrapper\">\n\t\t\t\t\t<a class=\"elementor-button elementor-button-link elementor-size-md\" href=\"https:\/\/level909.com\/en\/contacto\/\">\n\t\t\t\t\t\t<span class=\"elementor-button-content-wrapper\">\n\t\t\t\t\t\t<span class=\"elementor-button-icon\">\n\t\t\t\t<svg aria-hidden=\"true\" class=\"e-font-icon-svg e-fas-arrow-right\" viewbox=\"0 0 448 512\" xmlns=\"http:\/\/www.w3.org\/2000\/svg\"><path d=\"M190.5 66.9l22.2-22.2c9.4-9.4 24.6-9.4 33.9 0L441 239c9.4 9.4 9.4 24.6 0 33.9L246.6 467.3c-9.4 9.4-24.6 9.4-33.9 0l-22.2-22.2c-9.5-9.5-9.3-25 .4-34.3L311.4 296H24c-13.3 0-24-10.7-24-24v-32c0-13.3 10.7-24 24-24h287.4L190.9 101.2c-9.8-9.3-10-24.8-.4-34.3z\"><\/path><\/svg>\t\t\t<\/span>\n\t\t\t\t\t\t\t\t\t<span class=\"elementor-button-text\">Contact<\/span>\n\t\t\t\t\t<\/span>\n\t\t\t\t\t<\/a>\n\t\t\t\t<\/div>\n\t\t\t\t\t\t\t\t<\/div>\n\t\t\t\t<\/div>\n\t\t\t\t<\/div>\n\t\t<div class=\"elementor-element elementor-element-59ce4894 e-con-full e-flex e-con e-child\" data-id=\"59ce4894\" data-element_type=\"container\">\n\t\t\t\t<div class=\"elementor-element elementor-element-51532ee4 elementor-widget__width-initial elementor-widget elementor-widget-image\" data-id=\"51532ee4\" data-element_type=\"widget\" data-settings=\"{&quot;motion_fx_motion_fx_scrolling&quot;:&quot;yes&quot;,&quot;motion_fx_translateY_effect&quot;:&quot;yes&quot;,&quot;motion_fx_translateY_direction&quot;:&quot;negative&quot;,&quot;motion_fx_translateY_speed&quot;:{&quot;unit&quot;:&quot;px&quot;,&quot;size&quot;:&quot;1&quot;,&quot;sizes&quot;:[]},&quot;motion_fx_devices&quot;:[&quot;desktop&quot;,&quot;tablet&quot;],&quot;motion_fx_translateY_affectedRange&quot;:{&quot;unit&quot;:&quot;%&quot;,&quot;size&quot;:&quot;&quot;,&quot;sizes&quot;:{&quot;start&quot;:&quot;0&quot;,&quot;end&quot;:&quot;50&quot;}}}\" data-widget_type=\"image.default\">\n\t\t\t\t<div class=\"elementor-widget-container\">\n\t\t\t\t\t\t\t\t\t\t\t\t\t\t\t<img decoding=\"async\" width=\"800\" height=\"800\" src=\"https:\/\/level909.com\/wp-content\/uploads\/2025\/06\/home-footer.webp\" class=\"attachment-full size-full wp-image-262\" alt=\"\" srcset=\"https:\/\/level909.com\/wp-content\/uploads\/2025\/06\/home-footer.webp 800w, https:\/\/level909.com\/wp-content\/uploads\/2025\/06\/home-footer-300x300.webp 300w, https:\/\/level909.com\/wp-content\/uploads\/2025\/06\/home-footer-150x150.webp 150w, https:\/\/level909.com\/wp-content\/uploads\/2025\/06\/home-footer-768x768.webp 768w\" sizes=\"(max-width: 800px) 100vw, 800px\" \/>\t\t\t\t\t\t\t\t\t\t\t\t\t\t\t<\/div>\n\t\t\t\t<\/div>\n\t\t\t\t<\/div>\n\t\t\t\t\t<\/div>\n\t\t\t\t<\/div>\n\t\t\t\t<\/div>","protected":false},"excerpt":{"rendered":"<p>R&amp;D Consulting enjoytech &#58;&#41; Innovaci\u00f3n Te ayudamos a establecer tu estrategia de innovaci\u00f3n. | Estrategia de innovaci\u00f3n Oficina T\u00e9cnica de gesti\u00f3n de la innovaci\u00f3n: Asesoramos a empresas a establecer su estrategia de innovaci\u00f3n y gestionar con diversas metodolog\u00edas todo el proceso de innovaci\u00f3n Diagn\u00f3stico de innovaci\u00f3n: Evaluamos el grado de madurez de la innovaci\u00f3n corporativa, [&hellip;]<\/p>","protected":false},"author":1,"featured_media":0,"parent":0,"menu_order":0,"comment_status":"closed","ping_status":"closed","template":"elementor_header_footer","meta":{"inline_featured_image":false,"footnotes":""},"class_list":["post-344","page","type-page","status-publish","hentry"],"yoast_head":"<!-- This site is optimized with the Yoast SEO plugin v26.9 - https:\/\/yoast.com\/product\/yoast-seo-wordpress\/ -->\n<title>R&amp;D Consulting - Level909<\/title>\n<meta name=\"robots\" content=\"index, follow, max-snippet:-1, max-image-preview:large, max-video-preview:-1\" \/>\n<link rel=\"canonical\" href=\"https:\/\/level909.com\/en\/r-d-consulting\/\" \/>\n<meta property=\"og:locale\" content=\"en_GB\" \/>\n<meta property=\"og:type\" content=\"article\" \/>\n<meta property=\"og:title\" content=\"R&amp;D Consulting - Level909\" \/>\n<meta property=\"og:description\" content=\"R&amp;D Consulting enjoytech &#058;&#041; Innovaci\u00f3n Te ayudamos a establecer tu estrategia de innovaci\u00f3n. | Estrategia de innovaci\u00f3n Oficina T\u00e9cnica de gesti\u00f3n de la innovaci\u00f3n: Asesoramos a empresas a establecer su estrategia de innovaci\u00f3n y gestionar con diversas metodolog\u00edas todo el proceso de innovaci\u00f3n Diagn\u00f3stico de innovaci\u00f3n: Evaluamos el grado de madurez de la innovaci\u00f3n corporativa, [&hellip;]\" \/>\n<meta property=\"og:url\" content=\"https:\/\/level909.com\/en\/r-d-consulting\/\" \/>\n<meta property=\"og:site_name\" content=\"Level909\" \/>\n<meta property=\"article:modified_time\" content=\"2025-06-24T17:50:59+00:00\" \/>\n<meta property=\"og:image\" content=\"https:\/\/level909.com\/wp-content\/uploads\/2025\/06\/innovacion.webp\" \/>\n\t<meta property=\"og:image:width\" content=\"800\" \/>\n\t<meta property=\"og:image:height\" content=\"800\" \/>\n\t<meta property=\"og:image:type\" content=\"image\/webp\" \/>\n<meta name=\"twitter:card\" content=\"summary_large_image\" \/>\n<meta name=\"twitter:label1\" content=\"Estimated reading time\" \/>\n\t<meta name=\"twitter:data1\" content=\"1 minute\" \/>\n<script type=\"application\/ld+json\" class=\"yoast-schema-graph\">{\"@context\":\"https:\/\/schema.org\",\"@graph\":[{\"@type\":\"WebPage\",\"@id\":\"https:\/\/level909.com\/r-d-consulting\/\",\"url\":\"https:\/\/level909.com\/r-d-consulting\/\",\"name\":\"R&D Consulting - Level909\",\"isPartOf\":{\"@id\":\"https:\/\/level909.com\/#website\"},\"primaryImageOfPage\":{\"@id\":\"https:\/\/level909.com\/r-d-consulting\/#primaryimage\"},\"image\":{\"@id\":\"https:\/\/level909.com\/r-d-consulting\/#primaryimage\"},\"thumbnailUrl\":\"https:\/\/level909.com\/wp-content\/uploads\/2025\/06\/innovacion.webp\",\"datePublished\":\"2025-06-12T15:02:10+00:00\",\"dateModified\":\"2025-06-24T17:50:59+00:00\",\"breadcrumb\":{\"@id\":\"https:\/\/level909.com\/r-d-consulting\/#breadcrumb\"},\"inLanguage\":\"en-GB\",\"potentialAction\":[{\"@type\":\"ReadAction\",\"target\":[\"https:\/\/level909.com\/r-d-consulting\/\"]}]},{\"@type\":\"ImageObject\",\"inLanguage\":\"en-GB\",\"@id\":\"https:\/\/level909.com\/r-d-consulting\/#primaryimage\",\"url\":\"https:\/\/level909.com\/wp-content\/uploads\/2025\/06\/innovacion.webp\",\"contentUrl\":\"https:\/\/level909.com\/wp-content\/uploads\/2025\/06\/innovacion.webp\"},{\"@type\":\"BreadcrumbList\",\"@id\":\"https:\/\/level909.com\/r-d-consulting\/#breadcrumb\",\"itemListElement\":[{\"@type\":\"ListItem\",\"position\":1,\"name\":\"Portada\",\"item\":\"https:\/\/level909.com\/\"},{\"@type\":\"ListItem\",\"position\":2,\"name\":\"R&#038;D Consulting\"}]},{\"@type\":\"WebSite\",\"@id\":\"https:\/\/level909.com\/#website\",\"url\":\"https:\/\/level909.com\/\",\"name\":\"Level909\",\"description\":\"Soluciones tecnol\u00f3gicas que aportan valor a la sociedad\",\"publisher\":{\"@id\":\"https:\/\/level909.com\/#organization\"},\"alternateName\":\"Soluciones tecnol\u00f3gicas para empresas\",\"potentialAction\":[{\"@type\":\"SearchAction\",\"target\":{\"@type\":\"EntryPoint\",\"urlTemplate\":\"https:\/\/level909.com\/?s={search_term_string}\"},\"query-input\":{\"@type\":\"PropertyValueSpecification\",\"valueRequired\":true,\"valueName\":\"search_term_string\"}}],\"inLanguage\":\"en-GB\"},{\"@type\":\"Organization\",\"@id\":\"https:\/\/level909.com\/#organization\",\"name\":\"Level909\",\"url\":\"https:\/\/level909.com\/\",\"logo\":{\"@type\":\"ImageObject\",\"inLanguage\":\"en-GB\",\"@id\":\"https:\/\/level909.com\/#\/schema\/logo\/image\/\",\"url\":\"https:\/\/level909.com\/wp-content\/uploads\/2025\/05\/level909-logo-horizontal.svg\",\"contentUrl\":\"https:\/\/level909.com\/wp-content\/uploads\/2025\/05\/level909-logo-horizontal.svg\",\"width\":373,\"height\":116,\"caption\":\"Level909\"},\"image\":{\"@id\":\"https:\/\/level909.com\/#\/schema\/logo\/image\/\"}}]}<\/script>\n<!-- \/ Yoast SEO plugin. -->","yoast_head_json":{"title":"R&D Consulting - Level909","robots":{"index":"index","follow":"follow","max-snippet":"max-snippet:-1","max-image-preview":"max-image-preview:large","max-video-preview":"max-video-preview:-1"},"canonical":"https:\/\/level909.com\/en\/r-d-consulting\/","og_locale":"en_GB","og_type":"article","og_title":"R&D Consulting - Level909","og_description":"R&amp;D Consulting enjoytech &#58;&#41; Innovaci\u00f3n Te ayudamos a establecer tu estrategia de innovaci\u00f3n. | Estrategia de innovaci\u00f3n Oficina T\u00e9cnica de gesti\u00f3n de la innovaci\u00f3n: Asesoramos a empresas a establecer su estrategia de innovaci\u00f3n y gestionar con diversas metodolog\u00edas todo el proceso de innovaci\u00f3n Diagn\u00f3stico de innovaci\u00f3n: Evaluamos el grado de madurez de la innovaci\u00f3n corporativa, [&hellip;]","og_url":"https:\/\/level909.com\/en\/r-d-consulting\/","og_site_name":"Level909","article_modified_time":"2025-06-24T17:50:59+00:00","og_image":[{"width":800,"height":800,"url":"https:\/\/level909.com\/wp-content\/uploads\/2025\/06\/innovacion.webp","type":"image\/webp"}],"twitter_card":"summary_large_image","twitter_misc":{"Estimated reading time":"1 minute"},"schema":{"@context":"https:\/\/schema.org","@graph":[{"@type":"WebPage","@id":"https:\/\/level909.com\/r-d-consulting\/","url":"https:\/\/level909.com\/r-d-consulting\/","name":"R&D Consulting - Level909","isPartOf":{"@id":"https:\/\/level909.com\/#website"},"primaryImageOfPage":{"@id":"https:\/\/level909.com\/r-d-consulting\/#primaryimage"},"image":{"@id":"https:\/\/level909.com\/r-d-consulting\/#primaryimage"},"thumbnailUrl":"https:\/\/level909.com\/wp-content\/uploads\/2025\/06\/innovacion.webp","datePublished":"2025-06-12T15:02:10+00:00","dateModified":"2025-06-24T17:50:59+00:00","breadcrumb":{"@id":"https:\/\/level909.com\/r-d-consulting\/#breadcrumb"},"inLanguage":"en-GB","potentialAction":[{"@type":"ReadAction","target":["https:\/\/level909.com\/r-d-consulting\/"]}]},{"@type":"ImageObject","inLanguage":"en-GB","@id":"https:\/\/level909.com\/r-d-consulting\/#primaryimage","url":"https:\/\/level909.com\/wp-content\/uploads\/2025\/06\/innovacion.webp","contentUrl":"https:\/\/level909.com\/wp-content\/uploads\/2025\/06\/innovacion.webp"},{"@type":"BreadcrumbList","@id":"https:\/\/level909.com\/r-d-consulting\/#breadcrumb","itemListElement":[{"@type":"ListItem","position":1,"name":"Portada","item":"https:\/\/level909.com\/"},{"@type":"ListItem","position":2,"name":"R&#038;D Consulting"}]},{"@type":"WebSite","@id":"https:\/\/level909.com\/#website","url":"https:\/\/level909.com\/","name":"Level909","description":"Soluciones tecnol\u00f3gicas que aportan valor a la sociedad","publisher":{"@id":"https:\/\/level909.com\/#organization"},"alternateName":"Soluciones tecnol\u00f3gicas para empresas","potentialAction":[{"@type":"SearchAction","target":{"@type":"EntryPoint","urlTemplate":"https:\/\/level909.com\/?s={search_term_string}"},"query-input":{"@type":"PropertyValueSpecification","valueRequired":true,"valueName":"search_term_string"}}],"inLanguage":"en-GB"},{"@type":"Organization","@id":"https:\/\/level909.com\/#organization","name":"Level909","url":"https:\/\/level909.com\/","logo":{"@type":"ImageObject","inLanguage":"en-GB","@id":"https:\/\/level909.com\/#\/schema\/logo\/image\/","url":"https:\/\/level909.com\/wp-content\/uploads\/2025\/05\/level909-logo-horizontal.svg","contentUrl":"https:\/\/level909.com\/wp-content\/uploads\/2025\/05\/level909-logo-horizontal.svg","width":373,"height":116,"caption":"Level909"},"image":{"@id":"https:\/\/level909.com\/#\/schema\/logo\/image\/"}}]}},"_links":{"self":[{"href":"https:\/\/level909.com\/en\/wp-json\/wp\/v2\/pages\/344","targetHints":{"allow":["GET"]}}],"collection":[{"href":"https:\/\/level909.com\/en\/wp-json\/wp\/v2\/pages"}],"about":[{"href":"https:\/\/level909.com\/en\/wp-json\/wp\/v2\/types\/page"}],"author":[{"embeddable":true,"href":"https:\/\/level909.com\/en\/wp-json\/wp\/v2\/users\/1"}],"replies":[{"embeddable":true,"href":"https:\/\/level909.com\/en\/wp-json\/wp\/v2\/comments?post=344"}],"version-history":[{"count":22,"href":"https:\/\/level909.com\/en\/wp-json\/wp\/v2\/pages\/344\/revisions"}],"predecessor-version":[{"id":710,"href":"https:\/\/level909.com\/en\/wp-json\/wp\/v2\/pages\/344\/revisions\/710"}],"wp:attachment":[{"href":"https:\/\/level909.com\/en\/wp-json\/wp\/v2\/media?parent=344"}],"curies":[{"name":"wp","href":"https:\/\/api.w.org\/{rel}","templated":true}]}}